{"id":17,"date":"2008-09-04T22:26:38","date_gmt":"2008-09-04T20:26:38","guid":{"rendered":"http:\/\/www.hdlu.hr\/eng\/?page_id=17"},"modified":"2013-09-20T07:53:22","modified_gmt":"2013-09-20T07:53:22","slug":"home-hdlu","status":"publish","type":"page","link":"https:\/\/www.hdlu.hr\/eng\/home-hdlu\/","title":{"rendered":"Home of HDLU"},"content":{"rendered":"<p><strong>ME\u0160TROVI\u0106 PAVILION<br \/>\nHOME OF CROATIAN ARTISTS<\/strong><\/p>\n<p><em>Design: Ivan Me\u0161trovi\u0107, sculptor (1883-1962)<br \/>\nArchitectural design: Harold Bilini\u0107 d.i.a. (1894-1984), Lavoslav Horvat\u00a0 d.i.a. (1901-1989), regulation by Zagreb City Department of Buildings, Ivan Zemljak d.i.a. (1893-1963)<br \/>\nConstruction: 1934 \u2013 1938<\/em><\/p>\n<p style=\"text-align: center;\"><a href=\"http:\/\/www.hdlu.hr\/eng\/wp-content\/uploads\/2009\/01\/pavilion.jpg\"><img loading=\"lazy\" class=\"aligncenter size-full wp-image-184\" title=\"pavilion\" alt=\"\" src=\"http:\/\/www.hdlu.hr\/eng\/wp-content\/uploads\/2009\/01\/pavilion.jpg\" width=\"500\" height=\"332\" srcset=\"https:\/\/www.hdlu.hr\/eng\/wp-content\/uploads\/2009\/01\/pavilion.jpg 671w, https:\/\/www.hdlu.hr\/eng\/wp-content\/uploads\/2009\/01\/pavilion-300x199.jpg 300w\" sizes=\"(max-width: 500px) 100vw, 500px\" \/><\/a><\/p>\n<p><strong>LOCATION AND SURROUNDINGS<\/strong><br \/>\nPositioned at an exclusive location a bit east of the main city square, the monumental circular building stands out among downtown rectangular buildings as architectural point of important identification and symbolic significance. It is surrounded by representative houses built in the nineteen twenties and thirties with predominantly traditional features (architects A. V. B\u00e1r\u00e1nay and L. Kalda), but there are also more modern architectural concepts (architects V. Kova\u010di\u0107, E. \u0160en, M. Kova\u010devi\u0107).<\/p>\n<p><strong>CONSTRUCTION CIRCUMSTANCES<\/strong><br \/>\nIn the nineteen thirties Croatian art society \u201eStrossmayer\u201c intensively looked for a new exhibition area as the historicist building of the Art Pavilion, partially assigned to the artists until the end of 19th century, was no longer meeting their actual needs. At the same time, larger financial support was provided for the Committee for Building a Monument for King Peter I the Liberator (Kara\u0111or\u0111evi\u0107). The design of this royalist monument was commissioned to then leading Croatian artists and president of Art Society \u201eStrossmayer\u201c, Ivan Me\u0161trovi\u0107. Recognizing the offered location as an attractive area for the new home of the art, the sculptor suggested that a grandiose building should be built instead of a sole sculpture, and that the monument to the king should be raised inside of the building. Despite of the socio-political crisis during the monarchist-fascist dictatorship of the king Alexander, and thanks to persistent diplomatic negotiations, Me\u0161trovi\u0107&#8217;s proposal was finally accepted.<\/p>\n<p><strong>MODERN ROTUNDA<\/strong><br \/>\nModern rotunda of stereometric purity is encircled by colonnade pillars creating an impressive porch. The interior space is structured for polyvalent programs, so that the large central hall was primarily assigned to sculpture exhibitions, while the first floor ring, balcony of the central hall and the ground floor were assigned to exhibitions of other forms of visual arts (painting, drawing, photography, design). The building represents, also at international levels, an example of synthesis of monumentalism and modernistic asceticism which holds to the tradition of various ideals, from the antique to the neoclassicism of modern art. By its formal expression it belongs to the first period of modern architecture which holds to pluralism of styles (proto-rationalism, modern classicism, creative eclectism). In the period when it was built it was a unique exhibition hall in Europe and in the world.<\/p>\n<p><strong>THE DOME<\/strong><br \/>\nThe preliminary ideas of Ivan Me\u0161trovi\u0107 regarding the design of the round pavilion partially depart from its final interpretation. The greatest difference lies in the fact that the building was initially designed as a modern Tholos with a lower and open central section, and not as a roofed building. The changes were made during the construction period, when the cooperation of engineers and architects resulted in a new solution, that is, in covering of the central area by a reinforced-concrete dome with inserted glass prisms. Architect Zvonimir Kavuri\u0107 made the project for the construction of the dome. Although representing important engineering achievements, this dome (diameter: 19 meters, thickness: 6 centimeters) is a compromise between the artist&#8217;s idea and construction development that had to overcome the construction problems arisen from the practical need to bridge over the wells and drainage canals.<\/p>\n<p><strong>SHORT HISTORY OF CONSTRUCTION, DECONSTRUCTION AND RENEWAL<br \/>\n30s, 40s<\/strong><br \/>\nThe program of the House of Visual Arts displaying numerous permanent and travelling exhibitions began with the formal opening of the exhibition \u201eA Half Century of Croatian Art\u201c(December 1, 1938). Unfortunately, that program lasted only three years. Due to its monumental character and prominent location, the round pavilion attracted political representatives and thus changed its (profane and sacral) functions. At the beginning of the Second World War it was converted into a mosque (1941-1944), and after the war it became the Museum of the Revolution (1945-90). Each change caused specific interventions, from devastation to creative approaches and renewal. The renovation of the interior for the purposes of a mosque was done by architect Zvonimir Po\u017egaj. Solving primarily the problem of thermal and acoustic isolation, he introduced under the original arched ceiling a new one made of iron and concrete, and the internal massive wall surface was divided by niches. Architect Stjepan Plani\u0107 developed the exterior of the mosque. He placed three tall minarets (45 meters) about ten meters in front of the building, and he defined the entrance area by a broader area in the form of steps with an elevated terrace and banks made of stone.<\/p>\n<p><strong>50s<\/strong><br \/>\nIn the beginning of the 50s, architect Vjenceslav Richter intervened into the interior of the building. Taking the project of designing of the permanent exhibition of the Museum of the Revolution, by his radical concept he negated and deconstructed the original circular ground-plan, and introduced a console balcony and central staircase, and instead of a circle he created variations of a trapezium theme. After numerous polemics over this modern museum setting, the project was finished, but it is important to note that it was made of assembly parts and not as a solid construction.<\/p>\n<p><strong>80s<\/strong><br \/>\nIn the 80s, ideas of changing the purpose the pavilion were heard more often, and in the year 1988, the curator of the Museum of revolution of Croatian Peoples invited architects Ivan Crnkovi\u0107 and<br \/>\nDubravka Kisi\u0107 to draw up a feasibility study on restoring of the building to its original condition.<\/p>\n<p><strong>90s<\/strong><br \/>\nThe real change of the purpose of the building was not made possible until the beginning of the 90s, together with large political changes. In those years different initiatives regarding its purpose appeared, some of them being strongly politically influenced. But from May 1990, strong activities of the Croatian Association of Artist (HDLU), headed by academic artists Ante Ra\u0161i\u0107, and especially organization of the exhibition \u201eDocument-Arguments\u201c , enabled the Association to move from the premises at Star\u010devi\u0107 Home to the round pavilion.<\/p>\n<p><strong>BEGINNING OF THE NEW MILLENNIUM<\/strong><br \/>\nThe renovation of the building started in 2001. Extensive construction works were done following the design of architect Andrija Mutnjakovi\u0107 \u2013 removal of the construction that were made for the transformation into the mosque, removal of the layers of the double ceiling of the dome, deconstruction of the reinforced-concrete groins, building of a circular fence. In 2003 the first phase of reconstruction was finished. Since 2006 reconstruction works of the cellar and a part of the ground floor have been made following the design of architect Branko Sila\u0111in. The remaining works should be continued until the final renovation of the building.<\/p>\n<p><strong>CIRCLE \u2013 STIMULUS TO CONTEMPORARY ARTISTS<\/strong><br \/>\nSingularity and attraction of the volume of the circular form along with the ideological context that has always been included in the history of this monument and building are often the reason for various interventions, performances and site specific installations within the very building and in its immediate environment.<\/p>\n<p><em>Snje\u017eana Pavi\u010di\u0107<\/em><\/p>\n","protected":false},"excerpt":{"rendered":"<p>ME\u0160TROVI\u0106 PAVILION<br \/> HOME OF CROATIAN ARTISTS<\/p>\n<p><em>Design: Ivan Me\u0161trovi\u0107, sculptor (1883-1962)<br \/> Architectural design: Harold Bilini\u0107 d.i.a. (1894-1984), Lavoslav Horvat\u00a0 d.i.a. (1901-1989), regulation by Zagreb City Department of Buildings, Ivan Zemljak d.i.a. (1893-1963)<br \/> Construction: 1934 \u2013 1938<\/em><\/p>\n<p style=\"text-align: center;\"><img loading=\"lazy\" class=\"aligncenter size-full wp-image-184\" title=\"pavilion\" alt=\"\" src=\"http:\/\/www.hdlu.hr\/eng\/wp-content\/uploads\/2009\/01\/pavilion.jpg\" width=\"500\" height=\"332\" srcset=\"https:\/\/www.hdlu.hr\/eng\/wp-content\/uploads\/2009\/01\/pavilion.jpg 671w, https:\/\/www.hdlu.hr\/eng\/wp-content\/uploads\/2009\/01\/pavilion-300x199.jpg 300w\" sizes=\"(max-width: 500px) 100vw, 500px\" \/><\/p>\n<p>LOCATION AND SURROUNDINGS<br \/> Positioned at an exclusive location a bit east of the main  <a href=\"https:\/\/www.hdlu.hr\/eng\/home-hdlu\/\">[&#8230;]<\/a><\/p>\n","protected":false},"author":1,"featured_media":0,"parent":0,"menu_order":3,"comment_status":"closed","ping_status":"closed","template":"","meta":[],"_links":{"self":[{"href":"https:\/\/www.hdlu.hr\/eng\/wp-json\/wp\/v2\/pages\/17"}],"collection":[{"href":"https:\/\/www.hdlu.hr\/eng\/wp-json\/wp\/v2\/pages"}],"about":[{"href":"https:\/\/www.hdlu.hr\/eng\/wp-json\/wp\/v2\/types\/page"}],"author":[{"embeddable":true,"href":"https:\/\/www.hdlu.hr\/eng\/wp-json\/wp\/v2\/users\/1"}],"replies":[{"embeddable":true,"href":"https:\/\/www.hdlu.hr\/eng\/wp-json\/wp\/v2\/comments?post=17"}],"version-history":[{"count":0,"href":"https:\/\/www.hdlu.hr\/eng\/wp-json\/wp\/v2\/pages\/17\/revisions"}],"wp:attachment":[{"href":"https:\/\/www.hdlu.hr\/eng\/wp-json\/wp\/v2\/media?parent=17"}],"curies":[{"name":"wp","href":"https:\/\/api.w.org\/{rel}","templated":true}]}}