{"id":347,"date":"2009-02-26T14:58:50","date_gmt":"2009-02-26T12:58:50","guid":{"rendered":"http:\/\/www.hdlu.hr\/eng\/?page_id=347"},"modified":"2020-03-19T11:41:55","modified_gmt":"2020-03-19T11:41:55","slug":"committees-boards","status":"publish","type":"page","link":"https:\/\/www.hdlu.hr\/eng\/about-us\/committees-boards\/","title":{"rendered":"Committees &#038; Boards"},"content":{"rendered":"<p><strong>1. EXECUTIVE BOARD<\/strong><\/p>\n<ul>\n<li>\u00a0\u00a0\u00a0 Mr. Tomislav Buntak, chairman<\/li>\n<li>\u00a0\u00a0\u00a0 Mr. Josip Zanki, vice chaiman<\/li>\n<li>\u00a0\u00a0\u00a0 Ms. Ida Bla\u017ei\u010dko, vice chaiman<\/li>\n<li>\u00a0\u00a0\u00a0 Mr. Fedor\u00a0Fischer<\/li>\n<li>\u00a0\u00a0\u00a0 Mr. Alen Novoselec<\/li>\n<li>\u00a0\u00a0\u00a0 Ms. Monika\u00a0Megli\u0107<\/li>\n<li>\u00a0\u00a0\u00a0 Ms. Melinda \u0160ef\u010di\u0107<\/li>\n<\/ul>\n<p>&nbsp;<\/p>\n<p><strong>2. Supervision Board<\/strong><\/p>\n<ul>\n<li>\u00a0\u00a0\u00a0 Mr. Sini\u0161a Reberski<\/li>\n<li>\u00a0 \u00a0 Mr. Stjepan \u0160andrk<\/li>\n<li>\u00a0 \u00a0 Ms. Jelena Bando<\/li>\n<\/ul>\n<p>&nbsp;<\/p>\n<p><strong>3. Venerable Court Board<\/strong><\/p>\n<ul>\n<li>\u00a0\u00a0\u00a0 Mr. Sebastijan Dra\u010di\u0107<\/li>\n<li>\u00a0\u00a0\u00a0 Ms. Mia Orsag<\/li>\n<li>\u00a0\u00a0\u00a0 Mr. Tomislav Vukovi\u0107<\/li>\n<\/ul>\n<p>&nbsp;<\/p>\n<p><strong>4. Committee for the Statute<\/strong><\/p>\n<ul>\n<li>\u00a0\u00a0\u00a0 Mr. Pavle Pavlovi\u0107<\/li>\n<li>\u00a0\u00a0\u00a0 Ms. Jasenka Bulj<\/li>\n<li>\u00a0\u00a0\u00a0 Ms. Martina Grli\u0107<\/li>\n<\/ul>\n<p>&nbsp;<\/p>\n<p><strong>5. Committee for Assigning Prizes for Visual Art<\/strong><\/p>\n<ul>\n<li>\u00a0\u00a0\u00a0 Mr. Zlatan Vrkljan<\/li>\n<li>\u00a0 \u00a0 Mr. Robert \u0160imrak<\/li>\n<li>\u00a0 \u00a0 Mr. Danko Fri\u0161\u010di\u0107<\/li>\n<li>\u00a0 \u00a0 Ms. Ivana Juri\u0107<\/li>\n<li>\u00a0 \u00a0 Mr. Fedor Vu\u010demilovi\u0107<\/li>\n<\/ul>\n<p>&nbsp;<\/p>\n<p><strong>6. Artistic Board<br \/>\n<\/strong><\/p>\n<ul>\n<li>\u00a0\u00a0\u00a0 Mr. Tomislav Buntak<\/li>\n<li>\u00a0 \u00a0 Ms. Marijana Stani\u0107<\/li>\n<li>\u00a0 \u00a0 Ms. Jelena Bando<\/li>\n<li>\u00a0 \u00a0 Ms. Branka Ben\u010di\u0107<\/li>\n<li>\u00a0 \u00a0 Mr.\u00a0Ivan Fijoli\u0107<\/li>\n<li>\u00a0 \u00a0 Mr.\u00a0Josip Zanki<\/li>\n<li>\u00a0 \u00a0 Mr. Kristian Ko\u017eul<\/li>\n<\/ul>\n<p>&nbsp;<\/p>\n<p><strong>7. Membership Committee<\/strong><\/p>\n<ul>\n<li>\u00a0\u00a0\u00a0\u00a0 Mr. Josip Zanki, chairman<\/li>\n<li>\u00a0\u00a0\u00a0\u00a0 Ms. Antonija Bali\u0107<\/li>\n<li>\u00a0\u00a0\u00a0\u00a0 Ms. Roberta Vili\u0107<\/li>\n<li>\u00a0\u00a0\u00a0\u00a0 Ms. Koraljka Kova\u010d Dugand\u017ei\u0107<\/li>\n<li>\u00a0\u00a0\u00a0\u00a0 Mr. Ivan Fijoli\u0107<\/li>\n<li>\u00a0\u00a0\u00a0\u00a0 Ms. Petra Lidia \u0160eveljevi\u0107<\/li>\n<\/ul>\n","protected":false},"excerpt":{"rendered":"<p>1. EXECUTIVE BOARD<\/p>\n<p> \u00a0\u00a0\u00a0 Mr. Tomislav Buntak, chairman \u00a0\u00a0\u00a0 Mr. Josip Zanki, vice chaiman \u00a0\u00a0\u00a0 Ms. Ida Bla\u017ei\u010dko, vice chaiman \u00a0\u00a0\u00a0 Mr. Fedor\u00a0Fischer \u00a0\u00a0\u00a0 Mr. Alen Novoselec \u00a0\u00a0\u00a0 Ms. Monika\u00a0Megli\u0107 \u00a0\u00a0\u00a0 Ms. Melinda \u0160ef\u010di\u0107 <\/p>\n<p>&nbsp;<\/p>\n<p>2. Supervision Board<\/p>\n<p> \u00a0\u00a0\u00a0 Mr. Sini\u0161a Reberski \u00a0 \u00a0 Mr. Stjepan \u0160andrk \u00a0 \u00a0 Ms. Jelena Bando <\/p>\n<p>&nbsp;<\/p>\n<p>3. Venerable Court Board<\/p>\n<p> \u00a0\u00a0\u00a0 Mr. Sebastijan Dra\u010di\u0107 \u00a0\u00a0\u00a0 Ms. Mia Orsag \u00a0\u00a0\u00a0 Mr. Tomislav Vukovi\u0107 <\/p>\n<p>&nbsp;<\/p>\n<p>4. Committee for the Statute<\/p>\n<p>  <a href=\"https:\/\/www.hdlu.hr\/eng\/about-us\/committees-boards\/\">[&#8230;]<\/a><\/p>\n","protected":false},"author":1,"featured_media":0,"parent":10,"menu_order":3,"comment_status":"closed","ping_status":"closed","template":"","meta":[],"_links":{"self":[{"href":"https:\/\/www.hdlu.hr\/eng\/wp-json\/wp\/v2\/pages\/347"}],"collection":[{"href":"https:\/\/www.hdlu.hr\/eng\/wp-json\/wp\/v2\/pages"}],"about":[{"href":"https:\/\/www.hdlu.hr\/eng\/wp-json\/wp\/v2\/types\/page"}],"author":[{"embeddable":true,"href":"https:\/\/www.hdlu.hr\/eng\/wp-json\/wp\/v2\/users\/1"}],"replies":[{"embeddable":true,"href":"https:\/\/www.hdlu.hr\/eng\/wp-json\/wp\/v2\/comments?post=347"}],"version-history":[{"count":2,"href":"https:\/\/www.hdlu.hr\/eng\/wp-json\/wp\/v2\/pages\/347\/revisions"}],"predecessor-version":[{"id":4161,"href":"https:\/\/www.hdlu.hr\/eng\/wp-json\/wp\/v2\/pages\/347\/revisions\/4161"}],"up":[{"embeddable":true,"href":"https:\/\/www.hdlu.hr\/eng\/wp-json\/wp\/v2\/pages\/10"}],"wp:attachment":[{"href":"https:\/\/www.hdlu.hr\/eng\/wp-json\/wp\/v2\/media?parent=347"}],"curies":[{"name":"wp","href":"https:\/\/api.w.org\/{rel}","templated":true}]}}